{"id":815,"date":"2023-06-05T14:57:18","date_gmt":"2023-06-05T13:57:18","guid":{"rendered":"https:\/\/virtualperson.org\/deja-vu\/?page_id=815"},"modified":"2023-09-05T06:42:43","modified_gmt":"2023-09-05T05:42:43","slug":"la-presence","status":"publish","type":"page","link":"https:\/\/virtualperson.org\/deja-vu\/1-presentation\/la-presence\/","title":{"rendered":"La Pr\u00e9sence"},"content":{"rendered":"<p><strong>EXERCICES DE PRESENCE<\/strong><\/p>\n<p>Dans chaque classe sera consacr\u00e9e un moment (1\/4 d&#8217;heure ou 1\/2 heure) \u00e0 un exercice de pr\u00e9sence. Maintenant que les cours ne sont plus en ligne il convient d&#8217;explorer de mani\u00e8re physique et incarn\u00e9e ce que la &#8220;pr\u00e9sence&#8221; signifie.\u00a0 J&#8217;imagine des moments en groupe o\u00f9 l&#8217;on fait des \u00e9chauffements de corps ou de voix, des petits jeux d&#8217;adresse ou d&#8217;imagination.<\/p>\n<p>Voici quelques id\u00e9es de jeux ou d&#8217;\u00e9chauffements qui me viennent \u00e0 l&#8217;esprit.<br \/>\n-&#8220;Jabberwocky&#8221; ou &#8220;Gibberish&#8221; ou\u00a0 &#8220;charabia&#8221; ou &#8220;yaourt&#8221; ou faux fran\u00e7ais oral, en groupe ou en dialogue (Ref: une chanson de Charlie Chaplin).<\/p>\n<p><iframe loading=\"lazy\" title=\"Charlie Chaplin gibberishes &quot;Je cherche apr\u00e8s Titine&quot; - A French song to &quot;The Modern Times&quot; #chaplin\" width=\"625\" height=\"469\" src=\"https:\/\/www.youtube.com\/embed\/Ci9B2BYlSYE?feature=oembed\" frameborder=\"0\" allow=\"accelerometer; autoplay; clipboard-write; encrypted-media; gyroscope; picture-in-picture; web-share\" referrerpolicy=\"strict-origin-when-cross-origin\" allowfullscreen><\/iframe><\/p>\n<p><strong><a href=\"https:\/\/www.musixmatch.com\/fr\/paroles\/Charlie-Chaplin\/Je-cherche-apr%C3%A8s-Titine\" target=\"_blank\" rel=\"noopener\">Transcription paroles<\/a><\/strong> de la chanson &#8220;je cherche apr\u00e8s Titine&#8221; chant\u00e9 par\u00a0 Charlie Chaplin<\/p>\n<p>-Exercice de gratitude: nommer tout haut 3 choses ou personnes \u00e0 remercier. Le groupe reprend.<\/p>\n<p>-un jeu avec des commandes de textos: envoyer des textos comme on tire les fils d&#8217;une marionette<\/p>\n<p>-Demander aux etudiants d&#8217;inventer des jeux ou des \u00e9chauffements.<\/p>\n<p>-A prompt battle\u00a0 \u00a0 <a href=\"https:\/\/promptbattle.com\/\" target=\"_blank\" rel=\"noopener\">https:\/\/promptbattle.com\/<\/a><\/p>\n","protected":false},"excerpt":{"rendered":"<p>EXERCICES DE PRESENCE Dans chaque classe sera consacr\u00e9e un moment (1\/4 d&#8217;heure ou 1\/2 heure) \u00e0 un exercice de pr\u00e9sence. Maintenant que les cours ne sont plus en ligne il convient d&#8217;explorer de mani\u00e8re physique et incarn\u00e9e ce que la &#8220;pr\u00e9sence&#8221; signifie.\u00a0 J&#8217;imagine des moments en groupe o\u00f9 l&#8217;on fait des \u00e9chauffements de corps ou [&hellip;]<\/p>\n","protected":false},"author":3,"featured_media":0,"parent":304,"menu_order":0,"comment_status":"closed","ping_status":"closed","template":"","meta":{"footnotes":""},"class_list":["post-815","page","type-page","status-publish","hentry"],"_links":{"self":[{"href":"https:\/\/virtualperson.org\/deja-vu\/wp-json\/wp\/v2\/pages\/815","targetHints":{"allow":["GET"]}}],"collection":[{"href":"https:\/\/virtualperson.org\/deja-vu\/wp-json\/wp\/v2\/pages"}],"about":[{"href":"https:\/\/virtualperson.org\/deja-vu\/wp-json\/wp\/v2\/types\/page"}],"author":[{"embeddable":true,"href":"https:\/\/virtualperson.org\/deja-vu\/wp-json\/wp\/v2\/users\/3"}],"replies":[{"embeddable":true,"href":"https:\/\/virtualperson.org\/deja-vu\/wp-json\/wp\/v2\/comments?post=815"}],"version-history":[{"count":9,"href":"https:\/\/virtualperson.org\/deja-vu\/wp-json\/wp\/v2\/pages\/815\/revisions"}],"predecessor-version":[{"id":909,"href":"https:\/\/virtualperson.org\/deja-vu\/wp-json\/wp\/v2\/pages\/815\/revisions\/909"}],"up":[{"embeddable":true,"href":"https:\/\/virtualperson.org\/deja-vu\/wp-json\/wp\/v2\/pages\/304"}],"wp:attachment":[{"href":"https:\/\/virtualperson.org\/deja-vu\/wp-json\/wp\/v2\/media?parent=815"}],"curies":[{"name":"wp","href":"https:\/\/api.w.org\/{rel}","templated":true}]}}