{"id":324,"date":"2021-05-26T14:10:19","date_gmt":"2021-05-26T13:10:19","guid":{"rendered":"https:\/\/virtualperson.org\/deja-vu\/?page_id=324"},"modified":"2022-09-07T19:27:46","modified_gmt":"2022-09-07T18:27:46","slug":"4-finale","status":"publish","type":"page","link":"https:\/\/virtualperson.org\/deja-vu\/4-finale\/","title":{"rendered":"4-FINALE"},"content":{"rendered":"<p><span style=\"color: #000000;\"><span style=\"font-family: AvenirNextCondensed-Regular;\"><span style=\"font-size: small;\">Semaine 4 (26 &amp; 29 septembre 2022)\u00a0:<br \/>\n<\/span><\/span><\/span><span style=\"color: #000000;\"><span style=\"font-family: Avenir Next Condensed;\"><span style=\"font-size: small;\"><b>Toi et Moi et Internet<\/b><\/span><\/span><\/span><\/p>\n<p><span style=\"font-family: Avenir Next Condensed;\"><span style=\"font-size: small;\"><b>Contenus: <\/b><\/span><\/span><span style=\"font-family: Avenir Next Condensed;\"><span style=\"font-size: small;\"> &#8211;<\/span><\/span><span style=\"font-family: Avenir Next Condensed;\"><span style=\"font-size: small;\">l&#8217;Art en ligne et la performativit\u00e9<\/span><\/span><\/p>\n<p><span style=\"font-family: Avenir Next Condensed;\"><span style=\"font-size: small;\"> -les pionniers du net.art<\/span><\/span><\/p>\n<p><span style=\"font-family: Avenir Next Condensed;\"><span style=\"font-size: small;\"> -l&#8217;art num\u00e9rique, l&#8217;art generatif, le code dans l&#8217;art<\/span><\/span><\/p>\n<p><span style=\"font-family: Avenir Next Condensed;\"><span style=\"font-size: small;\"> -Les plateformes, leurs usages et leurs d\u00e9tournements (hacking, activisme)<\/span><\/span><\/p>\n<p><span style=\"font-family: Avenir Next Condensed;\"><span style=\"font-size: small;\"> -l&#8217;intelligence artificielle<\/span><\/span><\/p>\n<p><span style=\"font-family: Avenir Next Condensed;\"><span style=\"font-size: small;\"> -la diffusion des oeuvres en ligne, la conservation<\/span><\/span><\/p>\n<p><span style=\"color: #000000;\"><span style=\"font-family: AvenirNextCondensed-Regular;\"><span style=\"font-size: small;\"><b>Expo finale\/Accrochage : <\/b><\/span><\/span><\/span><span style=\"color: #000000;\"><span style=\"font-family: AvenirNextCondensed-Regular;\"><span style=\"font-size: small;\">Centr\u00e9 sur la pr\u00e9sentation finale des oeuvres: les diff\u00e9rents personnages cr\u00e9es par les \u00e9tudiants.<br \/>\nLa pr\u00e9sentation finale en ligne se fera le 29 octobre.<br \/>\nLe 29 octobre aura lieu l&#8217;\u00e9valuation, la discussion de groupe, l&#8217;archivage des oeuvres.<\/span><\/span><\/span><\/p>\n<p>&nbsp;<\/p>\n","protected":false},"excerpt":{"rendered":"<p>Semaine 4 (26 &amp; 29 septembre 2022)\u00a0: Toi et Moi et Internet Contenus: &#8211;l&#8217;Art en ligne et la performativit\u00e9 -les pionniers du net.art -l&#8217;art num\u00e9rique, l&#8217;art generatif, le code dans l&#8217;art -Les plateformes, leurs usages et leurs d\u00e9tournements (hacking, activisme) -l&#8217;intelligence artificielle -la diffusion des oeuvres en ligne, la conservation Expo finale\/Accrochage : Centr\u00e9 sur [&hellip;]<\/p>\n","protected":false},"author":3,"featured_media":0,"parent":0,"menu_order":0,"comment_status":"closed","ping_status":"closed","template":"","meta":{"footnotes":""},"class_list":["post-324","page","type-page","status-publish","hentry"],"_links":{"self":[{"href":"https:\/\/virtualperson.org\/deja-vu\/wp-json\/wp\/v2\/pages\/324","targetHints":{"allow":["GET"]}}],"collection":[{"href":"https:\/\/virtualperson.org\/deja-vu\/wp-json\/wp\/v2\/pages"}],"about":[{"href":"https:\/\/virtualperson.org\/deja-vu\/wp-json\/wp\/v2\/types\/page"}],"author":[{"embeddable":true,"href":"https:\/\/virtualperson.org\/deja-vu\/wp-json\/wp\/v2\/users\/3"}],"replies":[{"embeddable":true,"href":"https:\/\/virtualperson.org\/deja-vu\/wp-json\/wp\/v2\/comments?post=324"}],"version-history":[{"count":6,"href":"https:\/\/virtualperson.org\/deja-vu\/wp-json\/wp\/v2\/pages\/324\/revisions"}],"predecessor-version":[{"id":657,"href":"https:\/\/virtualperson.org\/deja-vu\/wp-json\/wp\/v2\/pages\/324\/revisions\/657"}],"wp:attachment":[{"href":"https:\/\/virtualperson.org\/deja-vu\/wp-json\/wp\/v2\/media?parent=324"}],"curies":[{"name":"wp","href":"https:\/\/api.w.org\/{rel}","templated":true}]}}