{"id":320,"date":"2021-05-26T14:08:28","date_gmt":"2021-05-26T13:08:28","guid":{"rendered":"https:\/\/virtualperson.org\/deja-vu\/?page_id=320"},"modified":"2022-06-27T20:47:26","modified_gmt":"2022-06-27T19:47:26","slug":"2-langage","status":"publish","type":"page","link":"https:\/\/virtualperson.org\/deja-vu\/2-langage\/","title":{"rendered":"2-Langage"},"content":{"rendered":"<p><span style=\"color: #000000;\"><span style=\"font-family: AvenirNextCondensed-Regular;\"><span style=\"font-size: small;\">Semaine 2 (12 &amp; 16 Septembre 2022)\u00a0: <\/span><\/span><\/span><\/p>\n<p><span style=\"font-family: Avenir Next Condensed;\"><span style=\"font-size: small;\"><b>Langage et cr\u00e9ation<\/b><\/span><\/span><\/p>\n<p><span style=\"font-family: Avenir Next Condensed;\"><span style=\"font-size: small;\"><b>Contenus: <\/b><\/span><\/span><span style=\"font-family: Avenir Next Condensed;\"><span style=\"font-size: small;\">L&#8217;art visuel et le langage dans tous ses \u00e9tats au 20 \u00e8me si\u00e8cle<\/span><\/span><\/p>\n<p><span style=\"font-family: Avenir Next Condensed;\"><span style=\"font-size: small;\"> -les cubistes, Apollinaire et ses calligrammes, <\/span><\/span><\/p>\n<p><span style=\"font-family: Avenir Next Condensed;\"><span style=\"font-size: small;\"> -L&#8217;art conceptuel, Lawrence Wiener, Joseph Kosuth..<\/span><\/span><\/p>\n<p><span style=\"font-family: Avenir Next Condensed;\"><span style=\"font-size: small;\"> -l&#8217;Oulipo, les \u201ccontraintes\u201d dans la cr\u00e9ation,<\/span><\/span><\/p>\n<p><span style=\"color: #000000;\"><span style=\"font-family: Avenir Next Condensed;\"><span style=\"font-size: small;\"> -les jeux de langage: des mots crois\u00e9s aux \u201cchatbots\u201d<\/span><\/span><\/span><\/p>\n<p><span style=\"color: #000000;\"><span style=\"font-family: Avenir Next Condensed;\"><span style=\"font-size: small;\"> -la chanson fran\u00e7aise, le rap<\/span><\/span><\/span><\/p>\n<p><span style=\"color: #000000;\"><span style=\"font-family: Avenir Next Condensed;\"><span style=\"font-size: small;\"><br \/>\n<\/span><\/span><\/span><span style=\"color: #000000;\"><span style=\"font-family: Avenir Next Condensed;\"><span style=\"font-size: small;\"><b>Atelier collectif: : <\/b><\/span><\/span><\/span><span style=\"color: #000000;\"><span style=\"font-family: Avenir Next Condensed;\"><span style=\"font-size: small;\">Semaine centr\u00e9e sur le texte et l&#8217;art. Aborder aussi la narration, la cr\u00e9ation litt\u00e9raire. Evoquer les questions de linguistique et de philosophie du language. Travailler autour de la question de la pluralit\u00e9 des langues, et de la traduction.<\/span><\/span><\/span><\/p>\n<p><span style=\"color: #000000;\"><span style=\"font-family: Avenir Next Condensed;\"><span style=\"font-size: small;\"><b>Lecture<\/b><\/span><\/span><\/span><span style=\"color: #000000;\"><span style=\"font-family: Avenir Next Condensed;\"><span style=\"font-size: small;\">: \u201cLa performativit\u00e9 du language&#8221;<\/span><\/span><\/span><\/p>\n<blockquote class=\"wp-embedded-content\" data-secret=\"j0tTMqLUfe\"><p><a href=\"https:\/\/www.growthinktank.org\/la-performativite-du-langage\/\">La performativit\u00e9 du langage<\/a><\/p><\/blockquote>\n<p><iframe loading=\"lazy\" class=\"wp-embedded-content\" sandbox=\"allow-scripts\" security=\"restricted\" style=\"position: absolute; clip: rect(1px, 1px, 1px, 1px);\" title=\"\u00ab\u00a0La performativit\u00e9 du langage\u00a0\u00bb &#8212; Grow Think Tank\" src=\"https:\/\/www.growthinktank.org\/la-performativite-du-langage\/embed\/#?secret=amV0BKINyC#?secret=j0tTMqLUfe\" data-secret=\"j0tTMqLUfe\" width=\"600\" height=\"338\" frameborder=\"0\" marginwidth=\"0\" marginheight=\"0\" scrolling=\"no\"><\/iframe><\/p>\n<p><strong><a href=\"https:\/\/derives.utc.fr\/\" target=\"_blank\" rel=\"noopener\">DERIVES<\/a>,<\/strong> une appli po\u00e9tique<\/p>\n<p><a href=\"https:\/\/derives.utc.fr\/\" target=\"_blank\" rel=\"noopener\"><img loading=\"lazy\" decoding=\"async\" class=\"alignnone wp-image-357\" src=\"https:\/\/virtualperson.org\/deja-vu\/wp-content\/uploads\/2021\/10\/Screenshot-2021-10-09-at-22.24.21.png\" alt=\"\" width=\"317\" height=\"633\" srcset=\"https:\/\/virtualperson.org\/deja-vu\/wp-content\/uploads\/2021\/10\/Screenshot-2021-10-09-at-22.24.21.png 504w, https:\/\/virtualperson.org\/deja-vu\/wp-content\/uploads\/2021\/10\/Screenshot-2021-10-09-at-22.24.21-150x300.png 150w\" sizes=\"auto, (max-width: 317px) 100vw, 317px\" \/><\/a><\/p>\n<p>&nbsp;<\/p>\n","protected":false},"excerpt":{"rendered":"<p>Semaine 2 (12 &amp; 16 Septembre 2022)\u00a0: Langage et cr\u00e9ation Contenus: L&#8217;art visuel et le langage dans tous ses \u00e9tats au 20 \u00e8me si\u00e8cle -les cubistes, Apollinaire et ses calligrammes, -L&#8217;art conceptuel, Lawrence Wiener, Joseph Kosuth.. -l&#8217;Oulipo, les \u201ccontraintes\u201d dans la cr\u00e9ation, -les jeux de langage: des mots crois\u00e9s aux \u201cchatbots\u201d -la chanson fran\u00e7aise, le [&hellip;]<\/p>\n","protected":false},"author":3,"featured_media":0,"parent":0,"menu_order":0,"comment_status":"closed","ping_status":"closed","template":"","meta":{"footnotes":""},"class_list":["post-320","page","type-page","status-publish","hentry"],"_links":{"self":[{"href":"https:\/\/virtualperson.org\/deja-vu\/wp-json\/wp\/v2\/pages\/320","targetHints":{"allow":["GET"]}}],"collection":[{"href":"https:\/\/virtualperson.org\/deja-vu\/wp-json\/wp\/v2\/pages"}],"about":[{"href":"https:\/\/virtualperson.org\/deja-vu\/wp-json\/wp\/v2\/types\/page"}],"author":[{"embeddable":true,"href":"https:\/\/virtualperson.org\/deja-vu\/wp-json\/wp\/v2\/users\/3"}],"replies":[{"embeddable":true,"href":"https:\/\/virtualperson.org\/deja-vu\/wp-json\/wp\/v2\/comments?post=320"}],"version-history":[{"count":8,"href":"https:\/\/virtualperson.org\/deja-vu\/wp-json\/wp\/v2\/pages\/320\/revisions"}],"predecessor-version":[{"id":605,"href":"https:\/\/virtualperson.org\/deja-vu\/wp-json\/wp\/v2\/pages\/320\/revisions\/605"}],"wp:attachment":[{"href":"https:\/\/virtualperson.org\/deja-vu\/wp-json\/wp\/v2\/media?parent=320"}],"curies":[{"name":"wp","href":"https:\/\/api.w.org\/{rel}","templated":true}]}}