{"id":304,"date":"2021-05-26T12:17:10","date_gmt":"2021-05-26T11:17:10","guid":{"rendered":"https:\/\/virtualperson.org\/deja-vu\/?page_id=304"},"modified":"2023-06-02T20:58:14","modified_gmt":"2023-06-02T19:58:14","slug":"1-presentation","status":"publish","type":"page","link":"https:\/\/virtualperson.org\/deja-vu\/1-presentation\/","title":{"rendered":"1-Presentation"},"content":{"rendered":"<p><a href=\"https:\/\/virtualperson.org\/deja-vu\/wp-content\/uploads\/2022\/06\/stedelijk-mouchette.jpg\"><img loading=\"lazy\" decoding=\"async\" class=\"alignnone size-large wp-image-573\" src=\"https:\/\/virtualperson.org\/deja-vu\/wp-content\/uploads\/2022\/06\/stedelijk-mouchette-1024x576.jpg\" alt=\"\" width=\"625\" height=\"352\" srcset=\"https:\/\/virtualperson.org\/deja-vu\/wp-content\/uploads\/2022\/06\/stedelijk-mouchette-1024x576.jpg 1024w, https:\/\/virtualperson.org\/deja-vu\/wp-content\/uploads\/2022\/06\/stedelijk-mouchette-300x169.jpg 300w, https:\/\/virtualperson.org\/deja-vu\/wp-content\/uploads\/2022\/06\/stedelijk-mouchette-768x432.jpg 768w, https:\/\/virtualperson.org\/deja-vu\/wp-content\/uploads\/2022\/06\/stedelijk-mouchette-1536x864.jpg 1536w, https:\/\/virtualperson.org\/deja-vu\/wp-content\/uploads\/2022\/06\/stedelijk-mouchette-624x351.jpg 624w, https:\/\/virtualperson.org\/deja-vu\/wp-content\/uploads\/2022\/06\/stedelijk-mouchette.jpg 1600w\" sizes=\"auto, (max-width: 625px) 100vw, 625px\" \/><\/a><\/p>\n<p class=\"p1\"><b>Workshops de d\u00e9cembre 2023 \/ Janvier2024 <\/b><\/p>\n<p class=\"p2\"><b>Martine Neddam, artiste et professeur \u00e0 la Rietveld Academie \u00e0 Amsterdam<\/b><\/p>\n<p class=\"p4\"><b>WS 06 : <i>\u00c9CRITURES ET PR\u00c9SENCES VIRTUELLES\u00a0<\/i><\/b><\/p>\n<p class=\"p5\"><b>PR\u00c9SENTATION ET OBJECTIFS DU WORKSHOP\u00a0:<\/b><\/p>\n<p class=\"p5\"><b>\u00c9critures et pr\u00e9sences virtuelles<\/b><\/p>\n<p class=\"p5\">Cet atelier est une introduction au pouvoir cr\u00e9ateur du <b>langage dans les arts visuels<\/b>, aux vertus de sa performativit\u00e9 dans ses aspects aussi bien conceptuels que narratifs.<span class=\"Apple-converted-space\">\u00a0 <\/span>La cr\u00e9ation num\u00e9rique en ligne fait naitre gr\u00e2ce au texte des <b>personnages virtuels<\/b>, des avatars dou\u00e9s de parole et d&#8217;intelligence artificielle qui seront \u00e9tudi\u00e9s et fr\u00e9quent\u00e9s pour leurs aspects interactifs.<\/p>\n<p class=\"p5\">Les tout nouveaux<span class=\"Apple-converted-space\">\u00a0 <\/span><b>outils de g\u00e9n\u00e9ration d\u2019images et de texte <\/b>(chatGPT, Midjourney, Dall-E etc\u2026) feront l\u2019objet d\u2019explorations critiques et ludiques pour pouvoir aborder avec confiance le tournant s\u00e9mantique de la culture de ce si\u00e8cle.<\/p>\n<p class=\"p5\">Dans cet atelier <b>on pratique comment le texte s\u2019incarne dans les corps<\/b>: l\u2019autorit\u00e9, la rigidit\u00e9 du pouvoir qui nomme et qui exclut, et toute la palette<span class=\"Apple-converted-space\">\u00a0 <\/span>de la performativit\u00e9, la musicalit\u00e9, le d\u00e9lire du langage, avec des jeux ou des r\u00e9cits, en silence ou avec la voix\u2026 Ensemble on exercera des \u00e9chauffements physiques ou vocaux, on inventera des jeux de r\u00f4le, ou des incantations, tout ce qui dans le travail du langage met le corps au centre de la pratique.<\/p>\n<p class=\"p5\">Dans cet atelier on exp\u00e9rimente aussi <b>le dialogue du corps avec les objets connect\u00e9s <\/b>et<span class=\"Apple-converted-space\">\u00a0 <\/span>leurs logiciels, comment ces derniers impriment leur marque sur notre corps et comment nos pouvons entreprendre un dialogue v\u00e9ritablement incarn\u00e9, et tenter de jouer avec eux plus qu\u2019ils ne jouent avec nous.<\/p>\n<p class=\"p5\">Immanquablement on explorera comment <b>la culture impr\u00e8gne le langage <\/b>et met<span class=\"Apple-converted-space\">\u00a0 <\/span>en lumi\u00e8re la richesse de la <b>difference culturelle entre le Chinois et le Fran\u00e7ais<\/b>, les traductions impossibles et les malentendus f\u00e9conds et tous les changements de cadre de pens\u00e9e qui sont des ressources infinies de cr\u00e9ation.<\/p>\n<p class=\"p5\">Au cours du workshop, on fait connaissance avec les artistes qui ont utilis\u00e9 le texte dans les arts visuels au si\u00e8cle pr\u00e9c\u00e9dent ou dans celui-ci, en ouvrant des nouvelles voies dans le territoire de l\u2019art.<span class=\"Apple-converted-space\">\u00a0 <\/span>Chaque \u00e9tudiant prend en charge <b>une pr\u00e9sentation<span class=\"Apple-converted-space\">\u00a0 <\/span>pour la classe de leur artiste pr\u00e9f\u00e9r\u00e9 <\/b>dans le cadre de ce th\u00e8me.<\/p>\n<p class=\"p5\">L\u2019atelier se cloture sur une <b>pr\u00e9sentation\/exposition en public <\/b>des oeuvres r\u00e9alis\u00e9es autour des th\u00e9matiques du workshop. Toutes les formes sont autoris\u00e9es, objects, installations, films, performance, etc\u2026<\/p>\n<p class=\"p5\">Une partie de l\u2019exposition pr\u00e9sente pour chaque \u00e9tudiant<span class=\"Apple-converted-space\">\u00a0 <\/span><b>l\u2019itin\u00e9raire de la recherche <\/b>qui a men\u00e9 \u00e0 l\u2019oeuvre pr\u00e9sent\u00e9e (intentions, esquisses etc\u2026).<\/p>\n<p>&nbsp;<\/p>\n<p>&nbsp;<\/p>\n<p>&nbsp;<\/p>\n<p><a href=\"https:\/\/virtualperson.org\/deja-vu\/wp-content\/uploads\/2023\/06\/345299654_632996102218204_2768904207897840216_n.jpg\"><img loading=\"lazy\" decoding=\"async\" class=\"alignnone size-large wp-image-805\" src=\"https:\/\/virtualperson.org\/deja-vu\/wp-content\/uploads\/2023\/06\/345299654_632996102218204_2768904207897840216_n-1024x1024.jpg\" alt=\"\" width=\"625\" height=\"625\" srcset=\"https:\/\/virtualperson.org\/deja-vu\/wp-content\/uploads\/2023\/06\/345299654_632996102218204_2768904207897840216_n-1024x1024.jpg 1024w, https:\/\/virtualperson.org\/deja-vu\/wp-content\/uploads\/2023\/06\/345299654_632996102218204_2768904207897840216_n-300x300.jpg 300w, https:\/\/virtualperson.org\/deja-vu\/wp-content\/uploads\/2023\/06\/345299654_632996102218204_2768904207897840216_n-150x150.jpg 150w, https:\/\/virtualperson.org\/deja-vu\/wp-content\/uploads\/2023\/06\/345299654_632996102218204_2768904207897840216_n-768x768.jpg 768w, https:\/\/virtualperson.org\/deja-vu\/wp-content\/uploads\/2023\/06\/345299654_632996102218204_2768904207897840216_n-624x624.jpg 624w, https:\/\/virtualperson.org\/deja-vu\/wp-content\/uploads\/2023\/06\/345299654_632996102218204_2768904207897840216_n.jpg 1080w\" sizes=\"auto, (max-width: 625px) 100vw, 625px\" \/><\/a><\/p>\n<p>++++++++++++++++++++++++++++++++++++++++++++<\/p>\n<p>Dans la trag\u00e9die antique grecque d&#8217;o\u00f9 vient ce mot, la &#8216;personne&#8217;, c&#8217;est un masque que l&#8217;on porte sur sc\u00e8ne. &#8216;Per-sona&#8217; signifie &#8216;pour-sonner&#8217;, &#8216;pour-r\u00e9sonner&#8217;, c&#8217;est-\u00e0-dire que c&#8217;est un porte-voix qui est en m\u00eame temps un masque. Selon cette \u00e9tymologie, ta &#8216;personne&#8217;, c&#8217;est ce qui cache et d\u00e9guise le visage aux yeux des autres et m\u00eame temps ce qui fait porter la voix et les mots jusqu&#8217;\u00e0 eux.<\/p>\n<p>++++++++++++++++++++++++++++++++++++++++++++<\/p>\n<p><span style=\"font-family: Avenir Next Condensed;\"><span style=\"font-size: small;\">L&#8217;arriv\u00e9e d&#8217;internet comme espace de cr\u00e9ation a renouvel\u00e9 l&#8217;int\u00e9r\u00eat pour la mise en question et l&#8217; exploration des identit\u00e9s.<br \/>\nInternet: un espace id\u00e9al pour \u00eatre quelqu&#8217;un ou n&#8217;\u00eatre personne!<\/span><\/span><\/p>\n<p><span style=\"color: #000000;\"><span style=\"font-family: AvenirNextCondensed-Bold;\"><span style=\"font-size: medium;\"><b>Objectifs<\/b><\/span><\/span><\/span><\/p>\n<p><span style=\"color: #000000;\"><span style=\"font-family: Avenir Next Condensed;\"><span style=\"font-size: small;\">Explorer le pouvoir de cr\u00e9er dans les arts visuels gr\u00e2ce au pouvoir du langage.<\/span><\/span><\/span><\/p>\n<p><span style=\"font-family: Avenir Next Condensed;\"><span style=\"font-size: small;\">Comment cr\u00e9er un personnage avec du langage, avec des langages, tous les langages (textuel, verbal, visuel, sonore, anim\u00e9 et interactif) comment le faire communiquer et interagir en ligne.<\/span><\/span><\/p>\n<p><span style=\"font-family: Avenir Next Condensed;\"><span style=\"font-size: small;\"><br \/>\nL&#8217;atelier est un espace en ligne, collectif, participatif. Il est cr\u00e9e et anim\u00e9 par tous. L\u00e0 sont pr\u00e9sent\u00e9es leurs recherches et leurs r\u00e9f\u00e9rences artistiques. Les \u00e9tudiants utilisent l&#8217;ensemble de leurs propres pratiques num\u00e9riques en ligne, toutes les plateformes qui leur sont famili\u00e8res ainsi que celles qu&#8217;ils d\u00e9couvrent dans le cadre du worskhop. La partie d&#8217;archivage est cruciale: les esquisses et recherches sont conserv\u00e9es sur le blog commun des \u00e9tudiants.<\/span><\/span><\/p>\n<p><span style=\"font-family: Avenir Next Condensed;\"><span style=\"font-size: small;\">Chaque semaine est d\u00e9velopp\u00e9e une th\u00e9matique particuli\u00e8re qui et oriente les recherches et la collaboration. L&#8217;\u00e9tudiant, seul ou en groupe, de mani\u00e8re pragmatique part \u00e0 la recherche d&#8217;outils en ligne, de plateformes \u00e0 utiliser ou \u00e0 d\u00e9tourner de leur destination d&#8217;origine. Ces recherches sont mises en commun, \u00e9chang\u00e9es, archiv\u00e9es.<br \/>\nChacune des s\u00e9ances comporte un temps ou je pr\u00e9sente les <\/span><\/span><span style=\"font-family: Avenir Next Condensed;\"><span style=\"font-size: small;\"><b>contenus:<\/b><\/span><\/span><span style=\"font-family: Avenir Next Condensed;\"><span style=\"font-size: small;\"> les connaissances et que je commente. Les th\u00e8mes des contenus sont annonc\u00e9s \u00e0 l&#8217;avance et l&#8217;\u00e9tudiant est invit\u00e9 \u00e0 apporter et mettre en commun ses propres contenus selon la th\u00e9matique mais aussi les r\u00e9sultats de ses recherches.<\/span><\/span><\/p>\n<p><span style=\"font-family: Avenir Next Condensed;\"><span style=\"font-size: small;\">Chaque s\u00e9ance comporte un temps d&#8217;<\/span><\/span><span style=\"font-family: Avenir Next Condensed;\"><span style=\"font-size: small;\"><b>atelier collectif, <\/b><\/span><\/span><span style=\"font-family: Avenir Next Condensed;\"><span style=\"font-size: small;\">une petits groupes, avec ou sans le prof. Il s&#8217;agit d&#8217;une mise en commun des outils et des pratiques, de l&#8217;archivage, o\u00f9 les collaborations sont encourag\u00e9es ainsi que l&#8217;apprentissage de pair \u00e0 pair (peer to peer).<\/span><\/span><\/p>\n<p><span style=\"font-family: Avenir Next Condensed;\"><span style=\"font-size: small;\"><b>Les lectures collectives <\/b><\/span><\/span><span style=\"font-family: Avenir Next Condensed;\"><span style=\"font-size: small;\">: dans le temps de la classe, des textes soit th\u00e9oriques, soit artistiques sont lus et traduits en temps r\u00e9el.<br \/>\nLes cr\u00e9ations des \u00e9tudiants sont en ligne, elles fonctionnent en ligne et y sont archiv\u00e9es. Il est recommand\u00e9 que le groupe d&#8217;\u00e9tudiants se pr\u00e9pare \u00e0 l&#8217;avance \u00e0 cr\u00e9er sa plateforme collective, un blog, un espace en ligne partag\u00e9.<br \/>\nPendant la s\u00e9ance finale chaque \u00e9tudiant pr\u00e9sente son oeuvre &#8216;le personnage&#8217;, dans sa forme en ligne, ou en installation ou performance, etc&#8230; Le projet est present\u00e9 comme une oeuvre en ligne avec des explications. Le project &#8216;personnage&#8217; peut aussi \u00eatre pr\u00e9sent\u00e9 de mani\u00e8re performative pendant dix minutes maximum puis archiv\u00e9 en images ou en video.<\/span><\/span><\/p>\n<p><span style=\"color: #000000;\"><span style=\"font-family: AvenirNextCondensed-Bold;\"><span style=\"font-size: medium;\"><b>CONTENUS DU WORKSHOP<\/b><\/span><\/span><\/span><\/p>\n<p><span style=\"color: #000000;\"><span style=\"font-family: AvenirNextCondensed-Regular;\"><span style=\"font-size: small;\">Semaine 1 ( 5 &amp; 9 September 2022)\u00a0:<br \/>\n<\/span><\/span><\/span><span style=\"color: #000000;\"><span style=\"font-family: Avenir Next Condensed;\"><span style=\"font-size: small;\"><b>Presentation du professeur et des \u00e9tudiants<\/b><\/span><\/span><\/span><\/p>\n<p><span style=\"font-family: Avenir Next Condensed;\"><span style=\"font-size: small;\"><b>Contenus:<\/b><\/span><\/span><\/p>\n<p><span style=\"font-family: Avenir Next Condensed;\"><span style=\"font-size: small;\">-Presentation du travail de Martine Neddam (et de ses alter-egos, Mouchette, David Still, XiaoQian Madja Edelstein-Gomez ) son travail sur le texte et dans l&#8217;espace public .<\/span><\/span><\/p>\n<p><span style=\"font-family: Avenir Next Condensed;\"><span style=\"font-size: small;\">-Presentation de chaque \u00e9tudiant, de sa pratique et de ses travaux.<\/span><\/span><\/p>\n<p><span style=\"font-family: Avenir Next Condensed;\"><span style=\"font-size: small;\"><b>Atelier collectif: <\/b><\/span><\/span><\/p>\n<p><span style=\"font-family: Avenir Next Condensed;\"><span style=\"font-size: small;\">Presentation des th\u00e8mes du worskshop, mise en place des modalit\u00e9s collaboratives, <\/span><\/span><\/p>\n<p><span style=\"font-family: Avenir Next Condensed;\"><span style=\"font-size: small;\">Les finalit\u00e9s du workshop: les comptes-rendus d&#8217;oeuvres, l&#8217;expo finale.<\/span><\/span><\/p>\n<p><span style=\"font-family: Avenir Next Condensed;\"><span style=\"font-size: small;\">Lectures en temps r\u00e9el, avec traduction simultan\u00e9e: textes th\u00e9orique<\/span><\/span><\/p>\n<p><span style=\"color: #000000;\"><span style=\"font-family: Avenir Next Condensed;\"><span style=\"font-size: small;\"><b>Exercice <\/b><\/span><\/span><\/span><span style=\"color: #000000;\"><span style=\"font-family: Avenir Next Condensed;\"><span style=\"font-size: small;\">: Presentation individuelle en fran\u00e7ais si possible.<\/span><\/span><\/span><\/p>\n","protected":false},"excerpt":{"rendered":"<p>Workshops de d\u00e9cembre 2023 \/ Janvier2024 Martine Neddam, artiste et professeur \u00e0 la Rietveld Academie \u00e0 Amsterdam WS 06 : \u00c9CRITURES ET PR\u00c9SENCES VIRTUELLES\u00a0 PR\u00c9SENTATION ET OBJECTIFS DU WORKSHOP\u00a0: \u00c9critures et pr\u00e9sences virtuelles Cet atelier est une introduction au pouvoir cr\u00e9ateur du langage dans les arts visuels, aux vertus de sa performativit\u00e9 dans ses aspects [&hellip;]<\/p>\n","protected":false},"author":3,"featured_media":0,"parent":0,"menu_order":1,"comment_status":"closed","ping_status":"closed","template":"","meta":{"footnotes":""},"class_list":["post-304","page","type-page","status-publish","hentry"],"_links":{"self":[{"href":"https:\/\/virtualperson.org\/deja-vu\/wp-json\/wp\/v2\/pages\/304","targetHints":{"allow":["GET"]}}],"collection":[{"href":"https:\/\/virtualperson.org\/deja-vu\/wp-json\/wp\/v2\/pages"}],"about":[{"href":"https:\/\/virtualperson.org\/deja-vu\/wp-json\/wp\/v2\/types\/page"}],"author":[{"embeddable":true,"href":"https:\/\/virtualperson.org\/deja-vu\/wp-json\/wp\/v2\/users\/3"}],"replies":[{"embeddable":true,"href":"https:\/\/virtualperson.org\/deja-vu\/wp-json\/wp\/v2\/comments?post=304"}],"version-history":[{"count":10,"href":"https:\/\/virtualperson.org\/deja-vu\/wp-json\/wp\/v2\/pages\/304\/revisions"}],"predecessor-version":[{"id":806,"href":"https:\/\/virtualperson.org\/deja-vu\/wp-json\/wp\/v2\/pages\/304\/revisions\/806"}],"wp:attachment":[{"href":"https:\/\/virtualperson.org\/deja-vu\/wp-json\/wp\/v2\/media?parent=304"}],"curies":[{"name":"wp","href":"https:\/\/api.w.org\/{rel}","templated":true}]}}